{"id":249,"date":"2018-12-03T13:07:15","date_gmt":"2018-12-03T12:07:15","guid":{"rendered":"http:\/\/www.regardpub.com\/?page_id=249"},"modified":"2022-11-16T11:20:35","modified_gmt":"2022-11-16T10:20:35","slug":"vehicules","status":"publish","type":"page","link":"https:\/\/www.regardpub.com\/index.php\/vehicules\/","title":{"rendered":"V\u00e9hicules"},"content":{"rendered":"<p>&lt;p&gt;&lt;span style=\u00a0\u00bbcolor: #ffffff;\u00a0\u00bb data-mce-style=\u00a0\u00bbcolor: #ffffff;\u00a0\u00bb&gt;V\u00e9hicules&lt;\/span&gt;&lt;span style=\u00a0\u00bbcolor: #ffffff;\u00a0\u00bb data-mce-style=\u00a0\u00bbcolor: #ffffff;\u00a0\u00bb&gt;Les v\u00e9hicules permettent de faire conna\u00eetre votre activit\u00e9 \u00e0 chacun de vos d\u00e9placements.&lt;\/span&gt;&lt;span style=\u00a0\u00bbcolor: #ffffff;\u00a0\u00bb data-mce-style=\u00a0\u00bbcolor: #ffffff;\u00a0\u00bb&gt;On y retrouve votre logo, votre nom, votre activit\u00e9, vos coordonn\u00e9es et vos offres et services.&lt;\/span&gt;&lt;span style=\u00a0\u00bbcolor: #ffffff;\u00a0\u00bb data-mce-style=\u00a0\u00bbcolor: #ffffff;\u00a0\u00bb&gt;Il permet de mettre en avant les engagements de votre entreprise\u00a0:&lt;\/span&gt;&lt;span style=\u00a0\u00bbcolor: #ffffff;\u00a0\u00bb data-mce-style=\u00a0\u00bbcolor: #ffffff;\u00a0\u00bb&gt;Qualification&lt;\/span&gt;&lt;span style=\u00a0\u00bbcolor: #ffffff;\u00a0\u00bb data-mce-style=\u00a0\u00bbcolor: #ffffff;\u00a0\u00bb&gt;Prestations&lt;\/span&gt;&lt;span style=\u00a0\u00bbcolor: #ffffff;\u00a0\u00bb data-mce-style=\u00a0\u00bbcolor: #ffffff;\u00a0\u00bb&gt;Charte Qualit\u00e9\u2026&lt;\/span&gt;&lt;span style=\u00a0\u00bbcolor: #ffffff;\u00a0\u00bb data-mce-style=\u00a0\u00bbcolor: #ffffff;\u00a0\u00bb&gt;De l\u2019habillage complet au marquage \u00e9pur\u00e9, nous r\u00e9alisons la publicit\u00e9 de votre v\u00e9hicule suivant vos pr\u00e9f\u00e9rences.&lt;\/span&gt;&lt;span style=\u00a0\u00bbcolor: #ffffff;\u00a0\u00bb data-mce-style=\u00a0\u00bbcolor: #ffffff;\u00a0\u00bb&gt;Une maquette informatique \u00a0vous est pr\u00e9sent\u00e9e, simul\u00e9e sur une photo.&lt;\/span&gt;&lt;span style=\u00a0\u00bbcolor: #ffffff;\u00a0\u00bb data-mce-style=\u00a0\u00bbcolor: #ffffff;\u00a0\u00bb&gt;Nous vous proposons\u00a0: le lettrage et logo d\u00e9coup\u00e9s \u00e0 coller directement&lt;\/span&gt;&lt;span style=\u00a0\u00bbcolor: #ffffff;\u00a0\u00bb data-mce-style=\u00a0\u00bbcolor: #ffffff;\u00a0\u00bb&gt;L\u2019impression num\u00e9rique pour des visuels style photo\u00a0ou logo avec plusieurs couleurs&lt;\/span&gt;&lt;span style=\u00a0\u00bbcolor: #ffffff;\u00a0\u00bb data-mce-style=\u00a0\u00bbcolor: #ffffff;\u00a0\u00bb&gt;Le semi-covering&lt;\/span&gt;&lt;span style=\u00a0\u00bbcolor: #ffffff;\u00a0\u00bb data-mce-style=\u00a0\u00bbcolor: #ffffff;\u00a0\u00bb&gt;Le panneau magn\u00e9tique&lt;\/span&gt;&lt;span style=\u00a0\u00bbcolor: #ffffff;\u00a0\u00bb data-mce-style=\u00a0\u00bbcolor: #ffffff;\u00a0\u00bb&gt;Le micro perfor\u00e9 sur les vitres&lt;\/span&gt;&lt;\/p&gt;<\/p>\n","protected":false},"excerpt":{"rendered":"<p>&lt;p&gt;&lt;span style=\u00a0\u00bbcolor: #ffffff;\u00a0\u00bb data-mce-style=\u00a0\u00bbcolor: #ffffff;\u00a0\u00bb&gt;V\u00e9hicules&lt;\/span&gt;&lt;span style=\u00a0\u00bbcolor: #ffffff;\u00a0\u00bb data-mce-style=\u00a0\u00bbcolor: #ffffff;\u00a0\u00bb&gt;Les v\u00e9hicules permettent de faire conna\u00eetre votre activit\u00e9 \u00e0 chacun de vos d\u00e9placements.&lt;\/span&gt;&lt;span style=\u00a0\u00bbcolor: #ffffff;\u00a0\u00bb data-mce-style=\u00a0\u00bbcolor: #ffffff;\u00a0\u00bb&gt;On y retrouve votre logo, votre nom, votre activit\u00e9, vos coordonn\u00e9es et vos offres et services.&lt;\/span&gt;&lt;span style=\u00a0\u00bbcolor: #ffffff;\u00a0\u00bb data-mce-style=\u00a0\u00bbcolor: #ffffff;\u00a0\u00bb&gt;Il permet de mettre en avant les engagements de votre entreprise\u00a0:&lt;\/span&gt;&lt;span style=\u00a0\u00bbcolor: [&hellip;]<\/p>\n","protected":false},"author":1,"featured_media":0,"parent":0,"menu_order":0,"comment_status":"closed","ping_status":"closed","template":"","meta":[],"_links":{"self":[{"href":"https:\/\/www.regardpub.com\/index.php\/wp-json\/wp\/v2\/pages\/249"}],"collection":[{"href":"https:\/\/www.regardpub.com\/index.php\/wp-json\/wp\/v2\/pages"}],"about":[{"href":"https:\/\/www.regardpub.com\/index.php\/wp-json\/wp\/v2\/types\/page"}],"author":[{"embeddable":true,"href":"https:\/\/www.regardpub.com\/index.php\/wp-json\/wp\/v2\/users\/1"}],"replies":[{"embeddable":true,"href":"https:\/\/www.regardpub.com\/index.php\/wp-json\/wp\/v2\/comments?post=249"}],"version-history":[{"count":9,"href":"https:\/\/www.regardpub.com\/index.php\/wp-json\/wp\/v2\/pages\/249\/revisions"}],"predecessor-version":[{"id":503,"href":"https:\/\/www.regardpub.com\/index.php\/wp-json\/wp\/v2\/pages\/249\/revisions\/503"}],"wp:attachment":[{"href":"https:\/\/www.regardpub.com\/index.php\/wp-json\/wp\/v2\/media?parent=249"}],"curies":[{"name":"wp","href":"https:\/\/api.w.org\/{rel}","templated":true}]}}